{"id":11,"date":"2019-03-22T16:08:53","date_gmt":"2019-03-22T19:08:53","guid":{"rendered":"http:\/\/www2.eesc.usp.br\/lhc\/?page_id=11"},"modified":"2025-10-20T16:26:35","modified_gmt":"2025-10-20T19:26:35","slug":"sobre-o-lhc","status":"publish","type":"page","link":"https:\/\/lhc.eesc.usp.br\/","title":{"rendered":"Sobre o LHC"},"content":{"rendered":"\n<p>O Departamento de Hidr\u00e1ulica e Saneamento da EESC\/USP destaca-se h\u00e1 muitos anos em \u00e1reas de ensino e pesquisa atrav\u00e9s de seus programas de mestrado e doutorado, tendo alcan\u00e7ado posi\u00e7\u00e3o de destaque a n\u00edvel nacional e renome internacional.<\/p>\n\n\n\n<p>Tradicionalmente, as atividades de pesquisa concentram-se principalmente nas \u00e1reas de Hidr\u00e1ulica experimental cl\u00e1ssica e gerenciamento de recursos h\u00eddricos, pelo lado da Hidr\u00e1ulica e Hidrologia, e no tratamento de \u00e1guas residu\u00e1rias e efluentes, pelo lado do Saneamento.<\/p>\n\n\n\n<p>Acompanhando a tend\u00eancia mundial, observa-se que ferramentas matem\u00e1ticas e num\u00e9ricas v\u00eam intensamente substituindo alguns tipos de investiga\u00e7\u00f5es experimentais, tendo em vista vantagens operacionais, principalmente em termos de custo e tempo. O Laborat\u00f3rio de Hidr\u00e1ulica Computacional, ligado ao Departamento de Hidr\u00e1ulica e Saneamento, atua nessa \u00e1rea de desenvolvimento e simula\u00e7\u00e3o computacional. O grupo de pesquisa desenvolve em ambiente UNIX (Linux) simuladores voltados, inicialmente, \u00e0 \u00e1rea de escoamento em meios porosos. Essa linha de pesquisa, permitir\u00e1, a curto prazo o desenvolvimento de algoritmos tamb\u00e9m para escoamento em canais e condutos for\u00e7ados (\u00e1reas tradicionais do departamento no campo experimental), promovendo um efeito sinerg\u00e9tico entre tradicionais e novas correntes da atividade acad\u00eamica.<\/p>\n\n\n\n<p>A import\u00e2ncia de desenvolver software pr\u00f3prio \u00e9 fundamentada pela capacidade de adapta\u00e7\u00e3o do simulador de acordo com as necessidades de projeto e a possibilidade de realiza\u00e7\u00e3o de an\u00e1lises num\u00e9ricas para as equa\u00e7\u00f5es estudadas. Na \u00e1rea acad\u00eamica, existe a possibilidade de participa\u00e7\u00e3o ativa do corpo discente da universidade no desenvolvimento dos projetos de pesquisa, viabilizando a transfer\u00eancia de conhecimentos f\u00edsicos e te\u00f3ricos atrav\u00e9s do engajamento de estudantes em atividades de programa\u00e7\u00e3o e aplica\u00e7\u00e3o do programa em problemas de ordem pr\u00e1tica.<\/p>\n\n\n\n<p>Profissionais formados nesse ambiente de desenvolvimento de software aplicado a escoamento de fluidos adquirem uma vis\u00e3o multidisciplinar de problemas pr\u00e1ticos, decorrente do contato simult\u00e2neo com conceitos de Hidr\u00e1ulica Fen\u00f4menos de Transportes, Engenharia Ambiental, Geoci\u00eancias, Matem\u00e1tica Aplicada, Inform\u00e1tica, etc. Em termos de perspectivas profissionais, essa forma\u00e7\u00e3o ecl\u00e9tica, com experi\u00eancia em diferentes \u00e1reas do conhecimento, representa um excelente ponto de partida para a entrada no mercado de trabalho.<\/p>\n\n\n\n\n\n<h4 class=\"wp-block-heading\">Linhas de Pesquisa<\/h4>\n\n\n\n<ul>\n  <li>Balan\u00e7o H\u00eddrico e Eros\u00e3o de Solos<\/li>\n  <li>Modelagem computacional<\/li>\n  <li>Monitoramento hidrogeol\u00f3gico<\/li>\n  <li>Sistemas de informa\u00e7\u00f5es geogr\u00e1ficas (GIS)<\/li>\n  <li>Transporte de poluentes<\/li>\n<\/ul>\n\n\n\n<p><\/p>\n","protected":false},"excerpt":{"rendered":"<p>O Departamento de Hidr\u00e1ulica e Saneamento da EESC\/USP destaca-se h\u00e1 muitos anos em \u00e1reas de ensino e pesquisa atrav\u00e9s de seus programas de mestrado e doutorado, tendo alcan\u00e7ado posi\u00e7\u00e3o de destaque a n\u00edvel nacional e renome internacional. Tradicionalmente, as atividades de pesquisa concentram-se principalmente nas \u00e1reas de Hidr\u00e1ulica experimental cl\u00e1ssica e gerenciamento de recursos h\u00eddricos, pelo lado da Hidr\u00e1ulica e Hidrologia, e no tratamento de&hellip; <\/p>\n","protected":false},"author":1,"featured_media":62,"parent":0,"menu_order":0,"comment_status":"closed","ping_status":"closed","template":"","meta":{"footnotes":""},"class_list":["post-11","page","type-page","status-publish","has-post-thumbnail","hentry","clearfix"],"_links":{"self":[{"href":"https:\/\/lhc.eesc.usp.br\/index.php\/wp-json\/wp\/v2\/pages\/11","targetHints":{"allow":["GET"]}}],"collection":[{"href":"https:\/\/lhc.eesc.usp.br\/index.php\/wp-json\/wp\/v2\/pages"}],"about":[{"href":"https:\/\/lhc.eesc.usp.br\/index.php\/wp-json\/wp\/v2\/types\/page"}],"author":[{"embeddable":true,"href":"https:\/\/lhc.eesc.usp.br\/index.php\/wp-json\/wp\/v2\/users\/1"}],"replies":[{"embeddable":true,"href":"https:\/\/lhc.eesc.usp.br\/index.php\/wp-json\/wp\/v2\/comments?post=11"}],"version-history":[{"count":7,"href":"https:\/\/lhc.eesc.usp.br\/index.php\/wp-json\/wp\/v2\/pages\/11\/revisions"}],"predecessor-version":[{"id":576,"href":"https:\/\/lhc.eesc.usp.br\/index.php\/wp-json\/wp\/v2\/pages\/11\/revisions\/576"}],"wp:featuredmedia":[{"embeddable":true,"href":"https:\/\/lhc.eesc.usp.br\/index.php\/wp-json\/wp\/v2\/media\/62"}],"wp:attachment":[{"href":"https:\/\/lhc.eesc.usp.br\/index.php\/wp-json\/wp\/v2\/media?parent=11"}],"curies":[{"name":"wp","href":"https:\/\/api.w.org\/{rel}","templated":true}]}}